{"id":2299,"date":"2024-02-22T10:53:31","date_gmt":"2024-02-22T10:53:31","guid":{"rendered":"http:\/\/lehre.thomasmichl.de\/?page_id=2299"},"modified":"2024-02-22T11:23:31","modified_gmt":"2024-02-22T11:23:31","slug":"kolloquium-kunstpaedagogik","status":"publish","type":"page","link":"http:\/\/lehre.thomasmichl.de\/?page_id=2299","title":{"rendered":"Kolloquium Kunstp\u00e4dagogik"},"content":{"rendered":"\n<p>Dieser Kurs bietet einen Rahmen f\u00fcr Besprechungen von Forschungsarbeiten und vieler weiterer relevanter Themen.<\/p>\n\n\n\n<p>Wenn ein Gespr\u00e4chstermin gew\u00fcnscht ist, am besten vorher eine E-Mail mit einer kurzen Schilderung des Sachverhalts an mich schreiben.<\/p>\n\n\n\n<p>Weitere Inhalte werden in K\u00fcrze bekannt gegeben<\/p>\n","protected":false},"excerpt":{"rendered":"<p>Dieser Kurs bietet einen Rahmen f\u00fcr Besprechungen von Forschungsarbeiten und vieler weiterer relevanter Themen. Wenn ein Gespr\u00e4chstermin gew\u00fcnscht ist, am besten vorher eine E-Mail mit einer kurzen Schilderung des Sachverhalts an mich schreiben. Weitere Inhalte werden in K\u00fcrze bekannt gegeben<\/p>\n","protected":false},"author":1,"featured_media":0,"parent":0,"menu_order":0,"comment_status":"closed","ping_status":"closed","template":"","meta":{"footnotes":""},"_links":{"self":[{"href":"http:\/\/lehre.thomasmichl.de\/index.php?rest_route=\/wp\/v2\/pages\/2299"}],"collection":[{"href":"http:\/\/lehre.thomasmichl.de\/index.php?rest_route=\/wp\/v2\/pages"}],"about":[{"href":"http:\/\/lehre.thomasmichl.de\/index.php?rest_route=\/wp\/v2\/types\/page"}],"author":[{"embeddable":true,"href":"http:\/\/lehre.thomasmichl.de\/index.php?rest_route=\/wp\/v2\/users\/1"}],"replies":[{"embeddable":true,"href":"http:\/\/lehre.thomasmichl.de\/index.php?rest_route=%2Fwp%2Fv2%2Fcomments&post=2299"}],"version-history":[{"count":2,"href":"http:\/\/lehre.thomasmichl.de\/index.php?rest_route=\/wp\/v2\/pages\/2299\/revisions"}],"predecessor-version":[{"id":2312,"href":"http:\/\/lehre.thomasmichl.de\/index.php?rest_route=\/wp\/v2\/pages\/2299\/revisions\/2312"}],"wp:attachment":[{"href":"http:\/\/lehre.thomasmichl.de\/index.php?rest_route=%2Fwp%2Fv2%2Fmedia&parent=2299"}],"curies":[{"name":"wp","href":"https:\/\/api.w.org\/{rel}","templated":true}]}}