{"id":39,"date":"2020-03-27T09:41:50","date_gmt":"2020-03-27T09:41:50","guid":{"rendered":"http:\/\/lehre.thomasmichl.de\/?page_id=39"},"modified":"2023-09-27T08:41:17","modified_gmt":"2023-09-27T08:41:17","slug":"fabricando-fabricamur-werkprozesse-im-kunstunterricht","status":"publish","type":"page","link":"http:\/\/lehre.thomasmichl.de\/?page_id=39","title":{"rendered":"Fabricando fabricamur &#8211; Innovative Werkprozesse im Kunstunterricht"},"content":{"rendered":"\n<p><\/p>\n\n\n\n<p><strong>Allgemeine Informationen zum Seminar<\/strong><\/p>\n\n\n\n<p>Virtuelle und digitale Welten pr\u00e4gen immer mehr Kinder und Jugendliche unserer Zeit. Prim\u00e4re Sinneserfahrungen und Handlungswissen verk\u00fcmmern zunehmend. Eine Antwort darauf ist eine, schon seit mehreren Jahren im kunstp\u00e4dagogischen Fachdiskurs festzustellende verst\u00e4rkte Hinwendung zu handwerklichen Techniken, wie dem Konstruieren und Bauen. Auf der anderen Seite stehen experimentelle, sinnerf\u00fcllte gestalterische Techniken, die sich mehr dem Basteln und der freien Gestaltungsarbeit zuordnen lassen. <br>In diesem Seminar besch\u00e4ftigen wir uns mit den theoretischen Wurzeln dieser zwei unterschiedlichen Herangehensweisen und erproben verschiedenste innovative Verfahren in der Praxis.<br><br><\/p>\n\n\n\n<p> <strong>Studienorganisatorische Hinweise<\/strong> <\/p>\n\n\n\n<p>Dieser Kurs ist dem Wahlpflichtbereich Kunstp\u00e4dagogik zugewiesen. Bei regelm\u00e4\u00dfiger Teilnahme gelten 2 ECTS-Punkte, bei zus\u00e4tzlicher Abfassung einer Hausarbeit 3 ECTS-Punkte als erbracht.<\/p>\n","protected":false},"excerpt":{"rendered":"<p>Allgemeine Informationen zum Seminar Virtuelle und digitale Welten pr\u00e4gen immer mehr Kinder und Jugendliche unserer Zeit. Prim\u00e4re Sinneserfahrungen und Handlungswissen verk\u00fcmmern zunehmend. Eine Antwort darauf ist eine, schon seit mehreren Jahren im kunstp\u00e4dagogischen Fachdiskurs festzustellende verst\u00e4rkte Hinwendung zu handwerklichen Techniken, wie dem Konstruieren und Bauen. Auf der anderen Seite stehen experimentelle, sinnerf\u00fcllte gestalterische Techniken, die&hellip;<\/p>\n","protected":false},"author":1,"featured_media":0,"parent":0,"menu_order":0,"comment_status":"closed","ping_status":"closed","template":"","meta":{"footnotes":""},"_links":{"self":[{"href":"http:\/\/lehre.thomasmichl.de\/index.php?rest_route=\/wp\/v2\/pages\/39"}],"collection":[{"href":"http:\/\/lehre.thomasmichl.de\/index.php?rest_route=\/wp\/v2\/pages"}],"about":[{"href":"http:\/\/lehre.thomasmichl.de\/index.php?rest_route=\/wp\/v2\/types\/page"}],"author":[{"embeddable":true,"href":"http:\/\/lehre.thomasmichl.de\/index.php?rest_route=\/wp\/v2\/users\/1"}],"replies":[{"embeddable":true,"href":"http:\/\/lehre.thomasmichl.de\/index.php?rest_route=%2Fwp%2Fv2%2Fcomments&post=39"}],"version-history":[{"count":16,"href":"http:\/\/lehre.thomasmichl.de\/index.php?rest_route=\/wp\/v2\/pages\/39\/revisions"}],"predecessor-version":[{"id":2208,"href":"http:\/\/lehre.thomasmichl.de\/index.php?rest_route=\/wp\/v2\/pages\/39\/revisions\/2208"}],"wp:attachment":[{"href":"http:\/\/lehre.thomasmichl.de\/index.php?rest_route=%2Fwp%2Fv2%2Fmedia&parent=39"}],"curies":[{"name":"wp","href":"https:\/\/api.w.org\/{rel}","templated":true}]}}